{"id":30183,"date":"2023-01-17T11:08:10","date_gmt":"2023-01-17T11:08:10","guid":{"rendered":"https:\/\/heptapolis.com\/maria-ines-garnica-montenegro-biography\/"},"modified":"2024-02-12T11:01:11","modified_gmt":"2024-02-12T11:01:11","slug":"maria-ines-garnica-montenegro-biography","status":"publish","type":"page","link":"https:\/\/heptapolis.com\/en\/maria-ines-garnica-montenegro-biography\/","title":{"rendered":"Mar\u00eda In\u00e9s Garnica Montenegro biography"},"content":{"rendered":"\t\t<div data-elementor-type=\"wp-page\" data-elementor-id=\"30183\" class=\"elementor elementor-30183 elementor-15753\">\n\t\t\t\t\t\t\t\t\t<section class=\"elementor-section elementor-top-section elementor-element elementor-element-7a0705d0 elementor-section-boxed elementor-section-height-default elementor-section-height-default\" data-id=\"7a0705d0\" data-element_type=\"section\">\n\t\t\t\t\t\t<div class=\"elementor-container elementor-column-gap-default\">\n\t\t\t\t\t<div class=\"elementor-column elementor-col-100 elementor-top-column elementor-element elementor-element-5eca01e2 column-style-top\" data-id=\"5eca01e2\" data-element_type=\"column\">\n\t\t\t<div class=\"elementor-widget-wrap elementor-element-populated\">\n\t\t\t\t\t\t\t\t<section class=\"elementor-section elementor-inner-section elementor-element elementor-element-b8136dd elementor-section-boxed elementor-section-height-default elementor-section-height-default\" data-id=\"b8136dd\" data-element_type=\"section\">\n\t\t\t\t\t\t<div class=\"elementor-container elementor-column-gap-default\">\n\t\t\t\t\t<div class=\"elementor-column elementor-col-50 elementor-inner-column elementor-element elementor-element-384415e column-style-top\" data-id=\"384415e\" data-element_type=\"column\">\n\t\t\t<div class=\"elementor-widget-wrap\">\n\t\t\t\t\t\t\t\t\t<\/div>\n\t\t<\/div>\n\t\t\t\t<div class=\"elementor-column elementor-col-50 elementor-inner-column elementor-element elementor-element-4afd4e2 column-style-top\" data-id=\"4afd4e2\" data-element_type=\"column\">\n\t\t\t<div class=\"elementor-widget-wrap elementor-element-populated\">\n\t\t\t\t\t\t\t\t<div class=\"elementor-element elementor-element-948ec39 elementor-widget elementor-widget-heading\" data-id=\"948ec39\" data-element_type=\"widget\" data-widget_type=\"heading.default\">\n\t\t\t\t<div class=\"elementor-widget-container\">\n\t\t\t<style>\/*! elementor - v3.7.7 - 20-09-2022 *\/\n.elementor-heading-title{padding:0;margin:0;line-height:1}.elementor-widget-heading .elementor-heading-title[class*=elementor-size-]>a{color:inherit;font-size:inherit;line-height:inherit}.elementor-widget-heading .elementor-heading-title.elementor-size-small{font-size:15px}.elementor-widget-heading .elementor-heading-title.elementor-size-medium{font-size:19px}.elementor-widget-heading .elementor-heading-title.elementor-size-large{font-size:29px}.elementor-widget-heading .elementor-heading-title.elementor-size-xl{font-size:39px}.elementor-widget-heading .elementor-heading-title.elementor-size-xxl{font-size:59px}<\/style><h2 class=\"elementor-heading-title elementor-size-default\">Biography <\/h2>\t\t<\/div>\n\t\t\t\t<\/div>\n\t\t\t\t\t<\/div>\n\t\t<\/div>\n\t\t\t\t\t\t\t<\/div>\n\t\t<\/section>\n\t\t\t\t<section class=\"elementor-section elementor-inner-section elementor-element elementor-element-804a19e elementor-section-boxed elementor-section-height-default elementor-section-height-default\" data-id=\"804a19e\" data-element_type=\"section\">\n\t\t\t\t\t\t<div class=\"elementor-container elementor-column-gap-default\">\n\t\t\t\t\t<div class=\"elementor-column elementor-col-50 elementor-inner-column elementor-element elementor-element-73ad79f column-style-top\" data-id=\"73ad79f\" data-element_type=\"column\">\n\t\t\t<div class=\"elementor-widget-wrap elementor-element-populated\">\n\t\t\t\t\t\t\t\t<div class=\"elementor-element elementor-element-fd14cd7 elementor-widget elementor-widget-image\" data-id=\"fd14cd7\" data-element_type=\"widget\" data-widget_type=\"image.default\">\n\t\t\t\t<div class=\"elementor-widget-container\">\n\t\t\t<style>\/*! elementor - v3.7.7 - 20-09-2022 *\/\n.elementor-widget-image{text-align:center}.elementor-widget-image a{display:inline-block}.elementor-widget-image a img[src$=\".svg\"]{width:48px}.elementor-widget-image img{vertical-align:middle;display:inline-block}<\/style>\t\t\t\t\t\t\t\t\t\t\t\t<img loading=\"lazy\" decoding=\"async\" width=\"900\" height=\"900\" src=\"https:\/\/heptapolis.com\/wp-content\/uploads\/2022\/10\/maria-ines-garnica-1024x1024.webp\" class=\"attachment-large size-large\" alt=\"\" srcset=\"https:\/\/heptapolis.com\/wp-content\/uploads\/2022\/10\/maria-ines-garnica-1024x1024.webp 1024w, https:\/\/heptapolis.com\/wp-content\/uploads\/2022\/10\/maria-ines-garnica-600x600.webp 600w, https:\/\/heptapolis.com\/wp-content\/uploads\/2022\/10\/maria-ines-garnica-180x180.webp 180w, https:\/\/heptapolis.com\/wp-content\/uploads\/2022\/10\/maria-ines-garnica-768x768.webp 768w, https:\/\/heptapolis.com\/wp-content\/uploads\/2022\/10\/maria-ines-garnica-300x300.webp 300w, https:\/\/heptapolis.com\/wp-content\/uploads\/2022\/10\/maria-ines-garnica-24x24.webp 24w, https:\/\/heptapolis.com\/wp-content\/uploads\/2022\/10\/maria-ines-garnica-48x48.webp 48w, https:\/\/heptapolis.com\/wp-content\/uploads\/2022\/10\/maria-ines-garnica-96x96.webp 96w, https:\/\/heptapolis.com\/wp-content\/uploads\/2022\/10\/maria-ines-garnica-150x150.webp 150w, https:\/\/heptapolis.com\/wp-content\/uploads\/2022\/10\/maria-ines-garnica.webp 1478w\" sizes=\"auto, (max-width: 900px) 100vw, 900px\" \/>\t\t\t\t\t\t\t\t\t\t\t\t\t\t\t<\/div>\n\t\t\t\t<\/div>\n\t\t\t\t<div class=\"elementor-element elementor-element-b3acf23 elementor-widget elementor-widget-text-editor\" data-id=\"b3acf23\" data-element_type=\"widget\" data-widget_type=\"text-editor.default\">\n\t\t\t\t<div class=\"elementor-widget-container\">\n\t\t\t<style>\/*! elementor - v3.7.7 - 20-09-2022 *\/\n.elementor-widget-text-editor.elementor-drop-cap-view-stacked .elementor-drop-cap{background-color:#818a91;color:#fff}.elementor-widget-text-editor.elementor-drop-cap-view-framed .elementor-drop-cap{color:#818a91;border:3px solid;background-color:transparent}.elementor-widget-text-editor:not(.elementor-drop-cap-view-default) .elementor-drop-cap{margin-top:8px}.elementor-widget-text-editor:not(.elementor-drop-cap-view-default) .elementor-drop-cap-letter{width:1em;height:1em}.elementor-widget-text-editor .elementor-drop-cap{float:left;text-align:center;line-height:1;font-size:50px}.elementor-widget-text-editor .elementor-drop-cap-letter{display:inline-block}<\/style>\t\t\t\t<p style=\"text-align: center;\"><span style=\"color: #3a6cae;\"><b>Mar\u00eda In\u00e9s Garnica Montenegro<\/b><\/span><\/p>\n\t\t\t\t\t\t<\/div>\n\t\t\t\t<\/div>\n\t\t\t\t\t<\/div>\n\t\t<\/div>\n\t\t\t\t<div class=\"elementor-column elementor-col-50 elementor-inner-column elementor-element elementor-element-9087760 column-style-top\" data-id=\"9087760\" data-element_type=\"column\">\n\t\t\t<div class=\"elementor-widget-wrap elementor-element-populated\">\n\t\t\t\t\t\t\t\t<div class=\"elementor-element elementor-element-ecf6d45 elementor-widget elementor-widget-text-editor\" data-id=\"ecf6d45\" data-element_type=\"widget\" data-widget_type=\"text-editor.default\">\n\t\t\t\t<div class=\"elementor-widget-container\">\n\t\t\t\t\t\t\tMaria Ines Garnica Montenegro joined the Department of English and Modern Languages at Deree Athens, Greece in 1996. Prior to this, she taught at the Gabriel Ren\u00e9 Moreno University of Santa Cruz, Bolivia, and the University of Plymouth, UK. At DEREE she has developed and taught a variety of basic and intermediate Spanish language courses, including socio-cultural courses&#8217; in Spain and Latin America today.\r\n\r\nHer constant concern for language teaching brings a whole cultural and life experience into the classroom at the same time as language learning.\r\n\r\nHe is a firm believer that language skills and intercultural understanding are very important for achieving peace through better communication between people. For this reason she started the foundation of the Cultures and Languages Club at Deree and has acted as its advisor ever since.\r\n\r\nHe is a member of the ASPE (Asociaci\u00f3n de Profesores de Espa\u00f1ol en Atenas) and the virtual space of Spanish teachers &#8220;Comunidad TodoELE&#8221;.\t\t\t\t\t\t<\/div>\n\t\t\t\t<\/div>\n\t\t\t\t\t<\/div>\n\t\t<\/div>\n\t\t\t\t\t\t\t<\/div>\n\t\t<\/section>\n\t\t\t\t\t<\/div>\n\t\t<\/div>\n\t\t\t\t\t\t\t<\/div>\n\t\t<\/section>\n\t\t\t\t\t\t\t<\/div>\n\t\t","protected":false},"excerpt":{"rendered":"<p>Biography Mar\u00eda In\u00e9s Garnica Montenegro Maria Ines Garnica Montenegro joined the Department of English and Modern Languages at Deree Athens, Greece in 1996. Prior to this, she taught at the Gabriel Ren\u00e9 Moreno University of Santa Cruz, Bolivia, and the University of Plymouth, UK. At DEREE she has developed and taught a variety of basic [&hellip;]<\/p>\n","protected":false},"author":1,"featured_media":0,"parent":0,"menu_order":0,"comment_status":"closed","ping_status":"closed","template":"","meta":{"footnotes":""},"class_list":["post-30183","page","type-page","status-publish","hentry"],"yoast_head":"<!-- This site is optimized with the Yoast SEO plugin v23.6 - https:\/\/yoast.com\/wordpress\/plugins\/seo\/ -->\n<title>Mar\u00eda In\u00e9s Garnica Montenegro biography - Heptapolis International Green City<\/title>\n<meta name=\"description\" content=\"Mar\u00eda In\u00e9s Garnica Montenegro - Maria Ines Garnica Montenegro joined the Department of English and Modern Languages at Deree Athens, Greece in 1996. Prior to this, she taught at the Gabriel Ren\u00e9 Moreno University of Santa Cruz, Bolivia, and the University of Plymouth, UK. At DEREE she has developed and taught a variety of basic and intermediate Spanish language courses, including socio-cultural courses&#039; in Spain and Latin America today.\" \/>\n<meta name=\"robots\" content=\"index, follow, max-snippet:-1, max-image-preview:large, max-video-preview:-1\" \/>\n<link rel=\"canonical\" href=\"https:\/\/heptapolis.com\/en\/maria-ines-garnica-montenegro-biography\/\" \/>\n<meta property=\"og:locale\" content=\"en_US\" \/>\n<meta property=\"og:type\" content=\"article\" \/>\n<meta property=\"og:title\" content=\"Mar\u00eda In\u00e9s Garnica Montenegro biography - Heptapolis International Green City\" \/>\n<meta property=\"og:description\" content=\"Mar\u00eda In\u00e9s Garnica Montenegro - Maria Ines Garnica Montenegro joined the Department of English and Modern Languages at Deree Athens, Greece in 1996. Prior to this, she taught at the Gabriel Ren\u00e9 Moreno University of Santa Cruz, Bolivia, and the University of Plymouth, UK. At DEREE she has developed and taught a variety of basic and intermediate Spanish language courses, including socio-cultural courses&#039; in Spain and Latin America today.\" \/>\n<meta property=\"og:url\" content=\"https:\/\/heptapolis.com\/en\/maria-ines-garnica-montenegro-biography\/\" \/>\n<meta property=\"og:site_name\" content=\"Heptapolis International Green City\" \/>\n<meta property=\"article:publisher\" content=\"https:\/\/www.facebook.com\/Heptapolis\" \/>\n<meta property=\"article:modified_time\" content=\"2024-02-12T11:01:11+00:00\" \/>\n<meta property=\"og:image\" content=\"https:\/\/heptapolis.com\/wp-content\/uploads\/2022\/10\/maria-ines-garnica-1024x1024.webp\" \/>\n<meta name=\"twitter:card\" content=\"summary_large_image\" \/>\n<meta name=\"twitter:site\" content=\"@Heptapolis1\" \/>\n<meta name=\"twitter:label1\" content=\"Est. reading time\" \/>\n\t<meta name=\"twitter:data1\" content=\"1 minute\" \/>\n<script type=\"application\/ld+json\" class=\"yoast-schema-graph\">{\"@context\":\"https:\/\/schema.org\",\"@graph\":[{\"@type\":\"WebPage\",\"@id\":\"https:\/\/heptapolis.com\/en\/maria-ines-garnica-montenegro-biography\/\",\"url\":\"https:\/\/heptapolis.com\/en\/maria-ines-garnica-montenegro-biography\/\",\"name\":\"Mar\u00eda In\u00e9s Garnica Montenegro biography - Heptapolis International Green City\",\"isPartOf\":{\"@id\":\"https:\/\/heptapolis.com\/en\/#website\"},\"primaryImageOfPage\":{\"@id\":\"https:\/\/heptapolis.com\/en\/maria-ines-garnica-montenegro-biography\/#primaryimage\"},\"image\":{\"@id\":\"https:\/\/heptapolis.com\/en\/maria-ines-garnica-montenegro-biography\/#primaryimage\"},\"thumbnailUrl\":\"https:\/\/heptapolis.com\/wp-content\/uploads\/2022\/10\/maria-ines-garnica-1024x1024.webp\",\"datePublished\":\"2023-01-17T11:08:10+00:00\",\"dateModified\":\"2024-02-12T11:01:11+00:00\",\"description\":\"Mar\u00eda In\u00e9s Garnica Montenegro - Maria Ines Garnica Montenegro joined the Department of English and Modern Languages at Deree Athens, Greece in 1996. Prior to this, she taught at the Gabriel Ren\u00e9 Moreno University of Santa Cruz, Bolivia, and the University of Plymouth, UK. At DEREE she has developed and taught a variety of basic and intermediate Spanish language courses, including socio-cultural courses' in Spain and Latin America today.\",\"breadcrumb\":{\"@id\":\"https:\/\/heptapolis.com\/en\/maria-ines-garnica-montenegro-biography\/#breadcrumb\"},\"inLanguage\":\"en-US\",\"potentialAction\":[{\"@type\":\"ReadAction\",\"target\":[\"https:\/\/heptapolis.com\/en\/maria-ines-garnica-montenegro-biography\/\"]}]},{\"@type\":\"ImageObject\",\"inLanguage\":\"en-US\",\"@id\":\"https:\/\/heptapolis.com\/en\/maria-ines-garnica-montenegro-biography\/#primaryimage\",\"url\":\"https:\/\/heptapolis.com\/wp-content\/uploads\/2022\/10\/maria-ines-garnica-1024x1024.webp\",\"contentUrl\":\"https:\/\/heptapolis.com\/wp-content\/uploads\/2022\/10\/maria-ines-garnica-1024x1024.webp\"},{\"@type\":\"BreadcrumbList\",\"@id\":\"https:\/\/heptapolis.com\/en\/maria-ines-garnica-montenegro-biography\/#breadcrumb\",\"itemListElement\":[{\"@type\":\"ListItem\",\"position\":1,\"name\":\"Home\",\"item\":\"https:\/\/heptapolis.com\/en\/\"},{\"@type\":\"ListItem\",\"position\":2,\"name\":\"Mar\u00eda In\u00e9s Garnica Montenegro biography\"}]},{\"@type\":\"WebSite\",\"@id\":\"https:\/\/heptapolis.com\/en\/#website\",\"url\":\"https:\/\/heptapolis.com\/en\/\",\"name\":\"Heptapolis International Green City\",\"description\":\"Tnter the City of Geometry and Arithmetic, of Proportion and Symmetry\",\"publisher\":{\"@id\":\"https:\/\/heptapolis.com\/en\/#organization\"},\"potentialAction\":[{\"@type\":\"SearchAction\",\"target\":{\"@type\":\"EntryPoint\",\"urlTemplate\":\"https:\/\/heptapolis.com\/en\/?s={search_term_string}\"},\"query-input\":{\"@type\":\"PropertyValueSpecification\",\"valueRequired\":true,\"valueName\":\"search_term_string\"}}],\"inLanguage\":\"en-US\"},{\"@type\":\"Organization\",\"@id\":\"https:\/\/heptapolis.com\/en\/#organization\",\"name\":\"Heptapolis International Green City\",\"url\":\"https:\/\/heptapolis.com\/en\/\",\"logo\":{\"@type\":\"ImageObject\",\"inLanguage\":\"en-US\",\"@id\":\"https:\/\/heptapolis.com\/en\/#\/schema\/logo\/image\/\",\"url\":\"https:\/\/heptapolis.com\/wp-content\/uploads\/2023\/02\/Heptapolis_Trilogy_The_Vision_Delfi.png\",\"contentUrl\":\"https:\/\/heptapolis.com\/wp-content\/uploads\/2023\/02\/Heptapolis_Trilogy_The_Vision_Delfi.png\",\"width\":390,\"height\":392,\"caption\":\"Heptapolis International Green City\"},\"image\":{\"@id\":\"https:\/\/heptapolis.com\/en\/#\/schema\/logo\/image\/\"},\"sameAs\":[\"https:\/\/www.facebook.com\/Heptapolis\",\"https:\/\/x.com\/Heptapolis1\",\"https:\/\/www.instagram.com\/heptapolis.trilogy\/\",\"https:\/\/www.linkedin.com\/company\/heptapolis-trilogy\/\"]}]}<\/script>\n<!-- \/ Yoast SEO plugin. -->","yoast_head_json":{"title":"Mar\u00eda In\u00e9s Garnica Montenegro biography - Heptapolis International Green City","description":"Mar\u00eda In\u00e9s Garnica Montenegro - Maria Ines Garnica Montenegro joined the Department of English and Modern Languages at Deree Athens, Greece in 1996. Prior to this, she taught at the Gabriel Ren\u00e9 Moreno University of Santa Cruz, Bolivia, and the University of Plymouth, UK. At DEREE she has developed and taught a variety of basic and intermediate Spanish language courses, including socio-cultural courses' in Spain and Latin America today.","robots":{"index":"index","follow":"follow","max-snippet":"max-snippet:-1","max-image-preview":"max-image-preview:large","max-video-preview":"max-video-preview:-1"},"canonical":"https:\/\/heptapolis.com\/en\/maria-ines-garnica-montenegro-biography\/","og_locale":"en_US","og_type":"article","og_title":"Mar\u00eda In\u00e9s Garnica Montenegro biography - Heptapolis International Green City","og_description":"Mar\u00eda In\u00e9s Garnica Montenegro - Maria Ines Garnica Montenegro joined the Department of English and Modern Languages at Deree Athens, Greece in 1996. Prior to this, she taught at the Gabriel Ren\u00e9 Moreno University of Santa Cruz, Bolivia, and the University of Plymouth, UK. At DEREE she has developed and taught a variety of basic and intermediate Spanish language courses, including socio-cultural courses' in Spain and Latin America today.","og_url":"https:\/\/heptapolis.com\/en\/maria-ines-garnica-montenegro-biography\/","og_site_name":"Heptapolis International Green City","article_publisher":"https:\/\/www.facebook.com\/Heptapolis","article_modified_time":"2024-02-12T11:01:11+00:00","og_image":[{"url":"https:\/\/heptapolis.com\/wp-content\/uploads\/2022\/10\/maria-ines-garnica-1024x1024.webp"}],"twitter_card":"summary_large_image","twitter_site":"@Heptapolis1","twitter_misc":{"Est. reading time":"1 minute"},"schema":{"@context":"https:\/\/schema.org","@graph":[{"@type":"WebPage","@id":"https:\/\/heptapolis.com\/en\/maria-ines-garnica-montenegro-biography\/","url":"https:\/\/heptapolis.com\/en\/maria-ines-garnica-montenegro-biography\/","name":"Mar\u00eda In\u00e9s Garnica Montenegro biography - Heptapolis International Green City","isPartOf":{"@id":"https:\/\/heptapolis.com\/en\/#website"},"primaryImageOfPage":{"@id":"https:\/\/heptapolis.com\/en\/maria-ines-garnica-montenegro-biography\/#primaryimage"},"image":{"@id":"https:\/\/heptapolis.com\/en\/maria-ines-garnica-montenegro-biography\/#primaryimage"},"thumbnailUrl":"https:\/\/heptapolis.com\/wp-content\/uploads\/2022\/10\/maria-ines-garnica-1024x1024.webp","datePublished":"2023-01-17T11:08:10+00:00","dateModified":"2024-02-12T11:01:11+00:00","description":"Mar\u00eda In\u00e9s Garnica Montenegro - Maria Ines Garnica Montenegro joined the Department of English and Modern Languages at Deree Athens, Greece in 1996. Prior to this, she taught at the Gabriel Ren\u00e9 Moreno University of Santa Cruz, Bolivia, and the University of Plymouth, UK. At DEREE she has developed and taught a variety of basic and intermediate Spanish language courses, including socio-cultural courses' in Spain and Latin America today.","breadcrumb":{"@id":"https:\/\/heptapolis.com\/en\/maria-ines-garnica-montenegro-biography\/#breadcrumb"},"inLanguage":"en-US","potentialAction":[{"@type":"ReadAction","target":["https:\/\/heptapolis.com\/en\/maria-ines-garnica-montenegro-biography\/"]}]},{"@type":"ImageObject","inLanguage":"en-US","@id":"https:\/\/heptapolis.com\/en\/maria-ines-garnica-montenegro-biography\/#primaryimage","url":"https:\/\/heptapolis.com\/wp-content\/uploads\/2022\/10\/maria-ines-garnica-1024x1024.webp","contentUrl":"https:\/\/heptapolis.com\/wp-content\/uploads\/2022\/10\/maria-ines-garnica-1024x1024.webp"},{"@type":"BreadcrumbList","@id":"https:\/\/heptapolis.com\/en\/maria-ines-garnica-montenegro-biography\/#breadcrumb","itemListElement":[{"@type":"ListItem","position":1,"name":"Home","item":"https:\/\/heptapolis.com\/en\/"},{"@type":"ListItem","position":2,"name":"Mar\u00eda In\u00e9s Garnica Montenegro biography"}]},{"@type":"WebSite","@id":"https:\/\/heptapolis.com\/en\/#website","url":"https:\/\/heptapolis.com\/en\/","name":"Heptapolis International Green City","description":"Tnter the City of Geometry and Arithmetic, of Proportion and Symmetry","publisher":{"@id":"https:\/\/heptapolis.com\/en\/#organization"},"potentialAction":[{"@type":"SearchAction","target":{"@type":"EntryPoint","urlTemplate":"https:\/\/heptapolis.com\/en\/?s={search_term_string}"},"query-input":{"@type":"PropertyValueSpecification","valueRequired":true,"valueName":"search_term_string"}}],"inLanguage":"en-US"},{"@type":"Organization","@id":"https:\/\/heptapolis.com\/en\/#organization","name":"Heptapolis International Green City","url":"https:\/\/heptapolis.com\/en\/","logo":{"@type":"ImageObject","inLanguage":"en-US","@id":"https:\/\/heptapolis.com\/en\/#\/schema\/logo\/image\/","url":"https:\/\/heptapolis.com\/wp-content\/uploads\/2023\/02\/Heptapolis_Trilogy_The_Vision_Delfi.png","contentUrl":"https:\/\/heptapolis.com\/wp-content\/uploads\/2023\/02\/Heptapolis_Trilogy_The_Vision_Delfi.png","width":390,"height":392,"caption":"Heptapolis International Green City"},"image":{"@id":"https:\/\/heptapolis.com\/en\/#\/schema\/logo\/image\/"},"sameAs":["https:\/\/www.facebook.com\/Heptapolis","https:\/\/x.com\/Heptapolis1","https:\/\/www.instagram.com\/heptapolis.trilogy\/","https:\/\/www.linkedin.com\/company\/heptapolis-trilogy\/"]}]}},"wpcf_dashboard":"<div class=\"woocommerce\"><div class=\"woocommerce-info\">Please log in first? <a class=\"wpneoShowLogin\" href=\"#\">Click here to login<\/a><\/div><div class=\"wpneo_login_form_div\" style=\"display: none;\"><form name=\"loginform\" id=\"loginform\" action=\"https:\/\/heptapolis.com\/wp-login.php\" method=\"post\"><p class=\"login-username\">\n\t\t\t\t<label for=\"user_login\">Username or Email Address<\/label>\n\t\t\t\t<input type=\"text\" name=\"log\" id=\"user_login\" autocomplete=\"username\" class=\"input\" value=\"\" size=\"20\" \/>\n\t\t\t<\/p><p class=\"login-password\">\n\t\t\t\t<label for=\"user_pass\">Password<\/label>\n\t\t\t\t<input type=\"password\" name=\"pwd\" id=\"user_pass\" autocomplete=\"current-password\" spellcheck=\"false\" class=\"input\" value=\"\" size=\"20\" \/>\n\t\t\t<\/p><p class=\"login-remember\"><label><input name=\"rememberme\" type=\"checkbox\" id=\"rememberme\" value=\"forever\" \/> Remember Me<\/label><\/p><p class=\"login-submit\">\n\t\t\t\t<input type=\"submit\" name=\"wp-submit\" id=\"wp-submit\" class=\"button button-primary\" value=\"Log In\" \/>\n\t\t\t\t<input type=\"hidden\" name=\"redirect_to\" value=\"https:\/\/heptapolis.com\/en\/wp-json\/wp\/v2\/pages\/30183\" \/>\n\t\t\t<\/p><\/form><\/div><\/div>","_links":{"self":[{"href":"https:\/\/heptapolis.com\/en\/wp-json\/wp\/v2\/pages\/30183","targetHints":{"allow":["GET"]}}],"collection":[{"href":"https:\/\/heptapolis.com\/en\/wp-json\/wp\/v2\/pages"}],"about":[{"href":"https:\/\/heptapolis.com\/en\/wp-json\/wp\/v2\/types\/page"}],"author":[{"embeddable":true,"href":"https:\/\/heptapolis.com\/en\/wp-json\/wp\/v2\/users\/1"}],"replies":[{"embeddable":true,"href":"https:\/\/heptapolis.com\/en\/wp-json\/wp\/v2\/comments?post=30183"}],"version-history":[{"count":1,"href":"https:\/\/heptapolis.com\/en\/wp-json\/wp\/v2\/pages\/30183\/revisions"}],"predecessor-version":[{"id":30184,"href":"https:\/\/heptapolis.com\/en\/wp-json\/wp\/v2\/pages\/30183\/revisions\/30184"}],"wp:attachment":[{"href":"https:\/\/heptapolis.com\/en\/wp-json\/wp\/v2\/media?parent=30183"}],"curies":[{"name":"wp","href":"https:\/\/api.w.org\/{rel}","templated":true}]}}